{"id":65,"date":"2018-12-29T08:23:00","date_gmt":"2018-12-29T08:23:00","guid":{"rendered":"https:\/\/moversco-demo.pbminfotech.com\/?page_id=8187"},"modified":"2026-03-09T16:39:02","modified_gmt":"2026-03-09T14:39:02","slug":"kaina","status":"publish","type":"page","link":"https:\/\/ampartas.lt\/ru\/kaina\/","title":{"rendered":"\u0426\u0435\u043d\u044b"},"content":{"rendered":"<div data-elementor-type=\"wp-page\" data-elementor-id=\"65\" class=\"elementor elementor-65\" data-elementor-post-type=\"page\">\n\t\t\t\t\t\t<section class=\"elementor-section elementor-top-section elementor-element elementor-element-6fa89dc elementor-section-stretched themestek-col-stretched-none themestek-bg-color-yes themestek-bgcolor-transparent themestek-bg-color-over-image elementor-section-boxed elementor-section-height-default elementor-section-height-default\" data-id=\"6fa89dc\" data-element_type=\"section\" data-settings=\"{&quot;stretch_section&quot;:&quot;section-stretched&quot;}\">\n\t\t\t\t\t\t<div class=\"elementor-container elementor-column-gap-no\">\n\t\t\t\t\t<div class=\"elementor-column elementor-col-50 elementor-top-column elementor-element elementor-element-e2ad907 themestek-bg-color-yes themestek-bgcolor-transparent themestek-bg-color-over-image\" data-id=\"e2ad907\" data-element_type=\"column\">\n\t\t\t<div class=\"elementor-widget-wrap elementor-element-populated\">\n\t\t\t\t\t\t<div class=\"elementor-element elementor-element-435ac15 elementor-widget__width-initial ts-align-left elementor-widget elementor-widget-ts_heading\" data-id=\"435ac15\" data-element_type=\"widget\" data-widget_type=\"ts_heading.default\">\n\t\t\t\t<div class=\"elementor-widget-container\">\n\t\t\t\t\t\t<div class=\"themestek-element-heading-wrapper themestek-heading-subheading themestek-reverse-heading-yes\"><h4 class=\"themestek-custom-heading themestek-custom-subtitle\">\r\n\t\t\t\t\r\n\t\t\t\t\t\u041e\u0442\u043f\u0440\u0430\u0432\u0438\u0442\u044c \u0437\u0430\u043f\u0440\u043e\u0441\r\n\t\t\t\t\r\n\t\t\t\t<\/h4>\r\n\t\t\t<h2 class=\"themestek-custom-heading themestek-custom-heading-title\">\r\n\t\t\t\t\r\n\t\t\t\t\t\u041f\u043e\u043b\u0443\u0447\u0438\u0442\u0435 \u0441\u043c\u0435\u0442\u0443 \u0443\u0441\u043b\u0443\u0433\u0438 \u0432 \u0442\u0435\u0447\u0435\u043d\u0438\u0435 2 \u0447\u0430\u0441\u043e\u0432\r\n\t\t\t\t\r\n\t\t\t\t<\/h2>\r\n\t\t\t<\/div>\t\t\t\t<\/div>\n\t\t\t\t<\/div>\n\t\t\t\t<div class=\"elementor-element elementor-element-289a094 elementor-button-align-stretch elementor-widget elementor-widget-form\" data-id=\"289a094\" data-element_type=\"widget\" data-settings=\"{&quot;step_next_label&quot;:&quot;Next&quot;,&quot;step_previous_label&quot;:&quot;Previous&quot;,&quot;button_width&quot;:&quot;100&quot;,&quot;step_type&quot;:&quot;number_text&quot;,&quot;step_icon_shape&quot;:&quot;circle&quot;}\" data-widget_type=\"form.default\">\n\t\t\t\t\t\t\t<form class=\"elementor-form\" method=\"post\" name=\"New Form\" aria-label=\"New Form\" action=\"\">\n\t\t\t<input type=\"hidden\" name=\"post_id\" value=\"65\"\/>\n\t\t\t<input type=\"hidden\" name=\"form_id\" value=\"289a094\"\/>\n\t\t\t<input type=\"hidden\" name=\"referer_title\" value=\"Kaina - Ampartas\" \/>\n\n\t\t\t\t\t\t\t<input type=\"hidden\" name=\"queried_id\" value=\"65\"\/>\n\t\t\t\n\t\t\t<div class=\"elementor-form-fields-wrapper elementor-labels-above\">\n\t\t\t\t\t\t\t\t<div class=\"elementor-field-type-text elementor-field-group elementor-column elementor-field-group-email elementor-col-50 elementor-field-required\">\n\t\t\t\t\t\t\t\t\t\t\t\t<label for=\"form-field-email\" class=\"elementor-field-label\">\n\t\t\t\t\t\t\t\t\u041f\u0435\u0440\u0435\u0432\u043e\u0437\u043a\u0430 \u0438\u0437\t\t\t\t\t\t\t<\/label>\n\t\t\t\t\t\t\t\t\t\t\t\t\t\t<input size=\"1\" type=\"text\" name=\"form_fields[email]\" id=\"form-field-email\" class=\"elementor-field elementor-size-sm  elementor-field-textual\" placeholder=\"\u041f\u0435\u0440\u0435\u0432\u043e\u0437\u043a\u0430 \u0438\u0437\" required=\"required\">\n\t\t\t\t\t\t\t\t\t\t\t<\/div>\n\t\t\t\t\t\t\t\t<div class=\"elementor-field-type-text elementor-field-group elementor-column elementor-field-group-field_e652af5 elementor-col-50 elementor-field-required\">\n\t\t\t\t\t\t\t\t\t\t\t\t<label for=\"form-field-field_e652af5\" class=\"elementor-field-label\">\n\t\t\t\t\t\t\t\t\u041f\u0435\u0440\u0435\u0432\u043e\u0437\u043a\u0430 \u0432\t\t\t\t\t\t\t<\/label>\n\t\t\t\t\t\t\t\t\t\t\t\t\t\t<input size=\"1\" type=\"text\" name=\"form_fields[field_e652af5]\" id=\"form-field-field_e652af5\" class=\"elementor-field elementor-size-sm  elementor-field-textual\" placeholder=\"\u041f\u0435\u0440\u0435\u0432\u043e\u0437\u043a\u0430 \u0432\" required=\"required\">\n\t\t\t\t\t\t\t\t\t\t\t<\/div>\n\t\t\t\t\t\t\t\t<div class=\"elementor-field-type-date elementor-field-group elementor-column elementor-field-group-field_0ed2784 elementor-col-100 elementor-field-required\">\n\t\t\t\t\t\t\t\t\t\t\t\t<label for=\"form-field-field_0ed2784\" class=\"elementor-field-label\">\n\t\t\t\t\t\t\t\t\u0412\u044b\u0431\u0435\u0440\u0438\u0442\u0435 \u0436\u0435\u043b\u0430\u0435\u043c\u0443\u044e \u0434\u0430\u0442\u0443\t\t\t\t\t\t\t<\/label>\n\t\t\t\t\t\t\n\t\t<input type=\"date\" name=\"form_fields[field_0ed2784]\" id=\"form-field-field_0ed2784\" class=\"elementor-field elementor-size-sm  elementor-field-textual elementor-date-field\" placeholder=\"Data\" required=\"required\" pattern=\"[0-9]{4}-[0-9]{2}-[0-9]{2}\">\n\t\t\t\t\t\t<\/div>\n\t\t\t\t\t\t\t\t<div class=\"elementor-field-type-email elementor-field-group elementor-column elementor-field-group-name elementor-col-50 elementor-field-required\">\n\t\t\t\t\t\t\t\t\t\t\t\t<label for=\"form-field-name\" class=\"elementor-field-label\">\n\t\t\t\t\t\t\t\t\u042d\u043b. \u043f\u043e\u0447\u0442\u0430\t\t\t\t\t\t\t<\/label>\n\t\t\t\t\t\t\t\t\t\t\t\t\t\t<input size=\"1\" type=\"email\" name=\"form_fields[name]\" id=\"form-field-name\" class=\"elementor-field elementor-size-sm  elementor-field-textual\" placeholder=\"\u042d\u043b. \u043f\u043e\u0447\u0442\u0430\" required=\"required\">\n\t\t\t\t\t\t\t\t\t\t\t<\/div>\n\t\t\t\t\t\t\t\t<div class=\"elementor-field-type-tel elementor-field-group elementor-column elementor-field-group-field_a0faa55 elementor-col-50\">\n\t\t\t\t\t\t\t\t\t\t\t\t<label for=\"form-field-field_a0faa55\" class=\"elementor-field-label\">\n\t\t\t\t\t\t\t\t\u0422\u0435\u043b\u0435\u0444\u043e\u043d\t\t\t\t\t\t\t<\/label>\n\t\t\t\t\t\t\t\t<input size=\"1\" type=\"tel\" name=\"form_fields[field_a0faa55]\" id=\"form-field-field_a0faa55\" class=\"elementor-field elementor-size-sm  elementor-field-textual\" placeholder=\"\u0422\u0435\u043b\u0435\u0444\u043e\u043d\" pattern=\"[0-9()#&amp;+*-=.]+\" title=\"Only numbers and phone characters (#, -, *, etc) are accepted.\">\n\n\t\t\t\t\t\t<\/div>\n\t\t\t\t\t\t\t\t<div class=\"elementor-field-type-textarea elementor-field-group elementor-column elementor-field-group-message elementor-col-100\">\n\t\t\t\t\t\t\t\t\t\t\t\t<label for=\"form-field-message\" class=\"elementor-field-label\">\n\t\t\t\t\t\t\t\t\u0414\u043e\u043f\u043e\u043b\u043d\u0438\u0442\u0435\u043b\u044c\u043d\u0430\u044f \u0438\u043d\u0444\u043e\u0440\u043c\u0430\u0446\u0438\u044f \u043e \u0437\u0430\u043a\u0430\u0437\u0435\t\t\t\t\t\t\t<\/label>\n\t\t\t\t\t\t<textarea class=\"elementor-field-textual elementor-field  elementor-size-sm\" name=\"form_fields[message]\" id=\"form-field-message\" rows=\"1\"><\/textarea>\t\t\t\t<\/div>\n\t\t\t\t\t\t\t\t<div class=\"elementor-field-group elementor-column elementor-field-type-submit elementor-col-100 e-form__buttons\">\n\t\t\t\t\t<button class=\"elementor-button elementor-size-md\" type=\"submit\">\n\t\t\t\t\t\t<span class=\"elementor-button-content-wrapper\">\n\t\t\t\t\t\t\t\t\t\t\t\t\t\t\t\t\t\t\t\t\t\t<span class=\"elementor-button-text\">\u041e\u0422\u041f\u0420\u0410\u0412\u0418\u0422\u042c \u0417\u0410\u041f\u0420\u041e\u0421<\/span>\n\t\t\t\t\t\t\t\t\t\t\t\t\t<\/span>\n\t\t\t\t\t<\/button>\n\t\t\t\t<\/div>\n\t\t\t<\/div>\n\t\t<input type=\"hidden\" name=\"trp-form-language\" value=\"ru\"\/><\/form>\n\t\t\t\t\t\t<\/div>\n\t\t\t\t\t<\/div>\n\t\t<\/div>\n\t\t\t\t<div class=\"elementor-column elementor-col-50 elementor-top-column elementor-element elementor-element-e2147d6 themestek-bg-color-yes themestek-bgcolor-transparent themestek-bg-color-over-image\" data-id=\"e2147d6\" data-element_type=\"column\">\n\t\t\t<div class=\"elementor-widget-wrap elementor-element-populated\">\n\t\t\t\t\t\t<div class=\"elementor-element elementor-element-3b4fd10 elementor-widget elementor-widget-image\" data-id=\"3b4fd10\" data-element_type=\"widget\" data-widget_type=\"image.default\">\n\t\t\t\t\t\t\t\t\t\t\t\t\t\t\t<img fetchpriority=\"high\" decoding=\"async\" width=\"398\" height=\"627\" src=\"https:\/\/ampartas.lt\/wp-content\/uploads\/2018\/12\/Quote-img.png\" class=\"attachment-large size-large wp-image-36\" alt=\"\" srcset=\"https:\/\/ampartas.lt\/wp-content\/uploads\/2018\/12\/Quote-img.png 398w, https:\/\/ampartas.lt\/wp-content\/uploads\/2018\/12\/Quote-img-190x300.png 190w\" sizes=\"(max-width: 398px) 100vw, 398px\" data-id=\"36\" \/>\t\t\t\t\t\t\t\t\t\t\t\t\t\t\t<\/div>\n\t\t\t\t\t<\/div>\n\t\t<\/div>\n\t\t\t\t\t<\/div>\n\t\t<\/section>\n\t\t\t\t<\/div>\n\t\t<div style=\"margin: 20px 0;\"><div class=\"qrcswholewtapper\" style=\"text-align:left;\"><div class=\"qrcprowrapper\"  id=\"qrcwraa2leds\"><div class=\"qrc_canvass\" id=\"qrc_cuttenpages_2\" style=\"display:inline-block\" data-text=\"https:\/\/ampartas.lt\/ru\/kaina\/\"><\/div><\/div><\/div><\/div>","protected":false},"excerpt":{"rendered":"<p>Pateikti u\u017eklaus\u0105 Gaukite paslaugos s\u0105mat\u0105 per 2 valandas<\/p>","protected":false},"author":1,"featured_media":0,"parent":0,"menu_order":5,"comment_status":"closed","ping_status":"closed","template":"","meta":{"footnotes":""},"class_list":["post-65","page","type-page","status-publish","hentry"],"yoast_head":"<!-- This site is optimized with the Yoast SEO Premium plugin v25.7.1 (Yoast SEO v25.7) - https:\/\/yoast.com\/wordpress\/plugins\/seo\/ -->\n<title>Kaina - Ampartas<\/title>\n<meta name=\"robots\" content=\"index, follow, max-snippet:-1, max-image-preview:large, max-video-preview:-1\" \/>\n<link rel=\"canonical\" href=\"https:\/\/ampartas.lt\/ru\/kaina\/\" \/>\n<meta property=\"og:locale\" content=\"ru_RU\" \/>\n<meta property=\"og:type\" content=\"article\" \/>\n<meta property=\"og:title\" content=\"Kaina\" \/>\n<meta property=\"og:description\" content=\"Pateikti u\u017eklaus\u0105 Gaukite paslaugos s\u0105mat\u0105 per 2 valandas\" \/>\n<meta property=\"og:url\" content=\"https:\/\/ampartas.lt\/ru\/kaina\/\" \/>\n<meta property=\"og:site_name\" content=\"Ampartas\" \/>\n<meta property=\"article:modified_time\" content=\"2026-03-09T14:39:02+00:00\" \/>\n<meta property=\"og:image\" content=\"https:\/\/ampartas.lt\/wp-content\/uploads\/2018\/12\/Quote-img.png\" \/>\n\t<meta property=\"og:image:width\" content=\"398\" \/>\n\t<meta property=\"og:image:height\" content=\"627\" \/>\n\t<meta property=\"og:image:type\" content=\"image\/png\" \/>\n<meta name=\"twitter:card\" content=\"summary_large_image\" \/>\n<meta name=\"twitter:label1\" content=\"\u041f\u0440\u0438\u043c\u0435\u0440\u043d\u043e\u0435 \u0432\u0440\u0435\u043c\u044f \u0434\u043b\u044f \u0447\u0442\u0435\u043d\u0438\u044f\" \/>\n\t<meta name=\"twitter:data1\" content=\"1 \u043c\u0438\u043d\u0443\u0442\u0430\" \/>\n<script type=\"application\/ld+json\" class=\"yoast-schema-graph\">{\"@context\":\"https:\/\/schema.org\",\"@graph\":[{\"@type\":\"WebPage\",\"@id\":\"https:\/\/ampartas.lt\/kaina\/\",\"url\":\"https:\/\/ampartas.lt\/kaina\/\",\"name\":\"Kaina - Ampartas\",\"isPartOf\":{\"@id\":\"https:\/\/ampartas.lt\/#website\"},\"primaryImageOfPage\":{\"@id\":\"https:\/\/ampartas.lt\/kaina\/#primaryimage\"},\"image\":{\"@id\":\"https:\/\/ampartas.lt\/kaina\/#primaryimage\"},\"thumbnailUrl\":\"https:\/\/ampartas.lt\/wp-content\/uploads\/2018\/12\/Quote-img.png\",\"datePublished\":\"2018-12-29T08:23:00+00:00\",\"dateModified\":\"2026-03-09T14:39:02+00:00\",\"breadcrumb\":{\"@id\":\"https:\/\/ampartas.lt\/kaina\/#breadcrumb\"},\"inLanguage\":\"ru-RU\",\"potentialAction\":[{\"@type\":\"ReadAction\",\"target\":[\"https:\/\/ampartas.lt\/kaina\/\"]}]},{\"@type\":\"ImageObject\",\"inLanguage\":\"ru-RU\",\"@id\":\"https:\/\/ampartas.lt\/kaina\/#primaryimage\",\"url\":\"https:\/\/ampartas.lt\/wp-content\/uploads\/2018\/12\/Quote-img.png\",\"contentUrl\":\"https:\/\/ampartas.lt\/wp-content\/uploads\/2018\/12\/Quote-img.png\"},{\"@type\":\"BreadcrumbList\",\"@id\":\"https:\/\/ampartas.lt\/kaina\/#breadcrumb\",\"itemListElement\":[{\"@type\":\"ListItem\",\"position\":1,\"name\":\"Home\",\"item\":\"https:\/\/ampartas.lt\/\"},{\"@type\":\"ListItem\",\"position\":2,\"name\":\"Kaina\"}]},{\"@type\":\"WebSite\",\"@id\":\"https:\/\/ampartas.lt\/#website\",\"url\":\"https:\/\/ampartas.lt\/\",\"name\":\"Ampartas\",\"description\":\"\",\"potentialAction\":[{\"@type\":\"SearchAction\",\"target\":{\"@type\":\"EntryPoint\",\"urlTemplate\":\"https:\/\/ampartas.lt\/?s={search_term_string}\"},\"query-input\":{\"@type\":\"PropertyValueSpecification\",\"valueRequired\":true,\"valueName\":\"search_term_string\"}}],\"inLanguage\":\"ru-RU\"}]}<\/script>\n<!-- \/ Yoast SEO Premium plugin. -->","yoast_head_json":{"title":"Kaina - Ampartas","robots":{"index":"index","follow":"follow","max-snippet":"max-snippet:-1","max-image-preview":"max-image-preview:large","max-video-preview":"max-video-preview:-1"},"canonical":"https:\/\/ampartas.lt\/ru\/kaina\/","og_locale":"ru_RU","og_type":"article","og_title":"Kaina","og_description":"Pateikti u\u017eklaus\u0105 Gaukite paslaugos s\u0105mat\u0105 per 2 valandas","og_url":"https:\/\/ampartas.lt\/ru\/kaina\/","og_site_name":"Ampartas","article_modified_time":"2026-03-09T14:39:02+00:00","og_image":[{"width":398,"height":627,"url":"https:\/\/ampartas.lt\/wp-content\/uploads\/2018\/12\/Quote-img.png","type":"image\/png"}],"twitter_card":"summary_large_image","twitter_misc":{"\u041f\u0440\u0438\u043c\u0435\u0440\u043d\u043e\u0435 \u0432\u0440\u0435\u043c\u044f \u0434\u043b\u044f \u0447\u0442\u0435\u043d\u0438\u044f":"1 \u043c\u0438\u043d\u0443\u0442\u0430"},"schema":{"@context":"https:\/\/schema.org","@graph":[{"@type":"WebPage","@id":"https:\/\/ampartas.lt\/kaina\/","url":"https:\/\/ampartas.lt\/kaina\/","name":"Kaina - Ampartas","isPartOf":{"@id":"https:\/\/ampartas.lt\/#website"},"primaryImageOfPage":{"@id":"https:\/\/ampartas.lt\/kaina\/#primaryimage"},"image":{"@id":"https:\/\/ampartas.lt\/kaina\/#primaryimage"},"thumbnailUrl":"https:\/\/ampartas.lt\/wp-content\/uploads\/2018\/12\/Quote-img.png","datePublished":"2018-12-29T08:23:00+00:00","dateModified":"2026-03-09T14:39:02+00:00","breadcrumb":{"@id":"https:\/\/ampartas.lt\/kaina\/#breadcrumb"},"inLanguage":"ru-RU","potentialAction":[{"@type":"ReadAction","target":["https:\/\/ampartas.lt\/kaina\/"]}]},{"@type":"ImageObject","inLanguage":"ru-RU","@id":"https:\/\/ampartas.lt\/kaina\/#primaryimage","url":"https:\/\/ampartas.lt\/wp-content\/uploads\/2018\/12\/Quote-img.png","contentUrl":"https:\/\/ampartas.lt\/wp-content\/uploads\/2018\/12\/Quote-img.png"},{"@type":"BreadcrumbList","@id":"https:\/\/ampartas.lt\/kaina\/#breadcrumb","itemListElement":[{"@type":"ListItem","position":1,"name":"Home","item":"https:\/\/ampartas.lt\/"},{"@type":"ListItem","position":2,"name":"Kaina"}]},{"@type":"WebSite","@id":"https:\/\/ampartas.lt\/#website","url":"https:\/\/ampartas.lt\/","name":"Ampartas","description":"","potentialAction":[{"@type":"SearchAction","target":{"@type":"EntryPoint","urlTemplate":"https:\/\/ampartas.lt\/?s={search_term_string}"},"query-input":{"@type":"PropertyValueSpecification","valueRequired":true,"valueName":"search_term_string"}}],"inLanguage":"ru-RU"}]}},"_links":{"self":[{"href":"https:\/\/ampartas.lt\/ru\/wp-json\/wp\/v2\/pages\/65","targetHints":{"allow":["GET"]}}],"collection":[{"href":"https:\/\/ampartas.lt\/ru\/wp-json\/wp\/v2\/pages"}],"about":[{"href":"https:\/\/ampartas.lt\/ru\/wp-json\/wp\/v2\/types\/page"}],"author":[{"embeddable":true,"href":"https:\/\/ampartas.lt\/ru\/wp-json\/wp\/v2\/users\/1"}],"replies":[{"embeddable":true,"href":"https:\/\/ampartas.lt\/ru\/wp-json\/wp\/v2\/comments?post=65"}],"version-history":[{"count":60,"href":"https:\/\/ampartas.lt\/ru\/wp-json\/wp\/v2\/pages\/65\/revisions"}],"predecessor-version":[{"id":1190,"href":"https:\/\/ampartas.lt\/ru\/wp-json\/wp\/v2\/pages\/65\/revisions\/1190"}],"wp:attachment":[{"href":"https:\/\/ampartas.lt\/ru\/wp-json\/wp\/v2\/media?parent=65"}],"curies":[{"name":"wp","href":"https:\/\/api.w.org\/{rel}","templated":true}]}}